{"id":4607,"date":"2025-06-21T19:37:51","date_gmt":"2025-06-21T19:37:51","guid":{"rendered":"https:\/\/tarifakite.com\/?page_id=4607"},"modified":"2025-06-22T08:33:53","modified_gmt":"2025-06-22T08:33:53","slug":"kite-tarifa-2025","status":"publish","type":"page","link":"https:\/\/tarifakite.com\/fr\/kite-tarifa-2025\/","title":{"rendered":"Kite Tarifa 2025"},"content":{"rendered":"<div class=\"wpb-content-wrapper\"><div class=\"container\"><div class=\"vc_row-wrapper\"><div class=\"vc_row wpb_row vc_row-fluid\"  ><div class=\"wpb_column vc_column_container vc_col-sm-12\"><div class=\"vc_column-inner\"><div class=\"wpb_wrapper\">\n\t<div class=\"wpb_text_column wpb_content_element\" >\n\t\t<div class=\"wpb_wrapper\">\n\t\t\t<h2 data-start=\"258\" data-end=\"288\">Why Learn from the Rest\u2026When You Can Learn from the Best!<\/h2>\n<p data-start=\"324\" data-end=\"692\">Bienvenue \u00e0 <strong data-start=\"335\" data-end=\"355\">Kite Tarifa <\/strong>&nbsp;\u2014 vos vacances de cerf-volant ultimes dans la capitale europ\u00e9enne du cerf-volant.<br data-start=\"415\" data-end=\"418\">Whether you\u2019re a complete beginner or you want to progress your skills, we&#8217;ve got you covered.<\/p>\n<p data-start=\"324\" data-end=\"692\">Avec notre \u00e9quipe de <strong data-start=\"550\" data-end=\"580\">instructeurs hautement qualifi\u00e9s<\/strong>, vous apprendrez en toute s\u00e9curit\u00e9, efficacement et avec beaucoup de plaisir, entour\u00e9 d&#039;une nature \u00e9poustouflante et de conditions parfaites.<\/p>\n<hr data-start=\"694\" data-end=\"697\">\n<h3 style=\"text-align: center;\" data-start=\"699\" data-end=\"734\">8-Day Kitesurfing Package<\/h3>\n<p>&nbsp;<\/p>\n<h3 data-start=\"736\" data-end=\"747\">Day 1 &#8211; Welcome to Tarifa<\/h3>\n<p data-start=\"748\" data-end=\"832\"><span>Upon arrival, settle into your accommodation and take time to relax. In the evening, immerse yourself in the charming <\/span><strong data-start=\"302\" data-end=\"324\">Old Town of Tarifa<\/strong><span>, where cobbled streets, lively tapas bars, and views of Morocco across the sea welcome you. It\u2019s the perfect way to ease into the spirit of your kiteboarding adventure.<\/span><\/p>\n<h3 data-start=\"834\" data-end=\"845\">Day 2 &#8211; <span>Getting Started: Ground School &amp; First Kite Experience<\/span><\/h3>\n<p data-start=\"846\" data-end=\"925\"><span>Meet your instructor and group for a warm welcome and an <\/span><strong data-start=\"628\" data-end=\"660\">introduction to kiteboarding<\/strong><span>. You&#8217;ll go through essential <\/span><strong data-start=\"690\" data-end=\"710\">safety briefings<\/strong><span>, wind theory, equipment setup, and <\/span><strong data-start=\"746\" data-end=\"770\">kite control on land<\/strong><span>. In the afternoon, feel the excitement of your <\/span><strong data-start=\"818\" data-end=\"848\">first kite flight practice<\/strong><span> \u2014 learning how to launch, land, and steer the kite safely while staying on the beach.<\/span><\/p>\n<h3 data-start=\"927\" data-end=\"938\">Day 3 &#8211; <span>Into the Water: Body Dragging &amp; Power Control<\/span><\/h3>\n<p data-start=\"939\" data-end=\"997\"><span>Today you\u2019ll transition from land to water. Begin with <\/span><strong data-start=\"1058\" data-end=\"1082\">body-drag techniques<\/strong><span> \u2014 using the kite to pull yourself through the water without the board. You\u2019ll practice <\/span><strong data-start=\"1170\" data-end=\"1185\">water entry<\/strong><span>, <\/span><strong data-start=\"1187\" data-end=\"1207\">power management<\/strong><span>, and directional control, including basic <\/span><strong data-start=\"1250\" data-end=\"1283\">upwind and downwind movements<\/strong><span>. This step is key to building confidence before adding the board.<\/span><\/p>\n<h3 data-start=\"999\" data-end=\"1010\">Day 4 &#8211; <span>The First Rides: Water Starts<\/span><\/h3>\n<p data-start=\"1011\" data-end=\"1080\"><span>Experience the thrill of your <\/span><strong data-start=\"1432\" data-end=\"1454\">first water starts<\/strong><span> as you begin riding with the board. Learn how to align your body and board properly, control the kite power during takeoff, and glide across the water. Expect a lot of trial, error, and excitement as you start getting short rides under your belt.<\/span><\/p>\n<h3 data-start=\"1082\" data-end=\"1093\">Day 5 &#8211; <span>Gaining Control: Turns &amp; Transitions<\/span><\/h3>\n<p data-start=\"1094\" data-end=\"1159\"><span>Now that you\u2019re up and riding, focus on extending your sessions with <\/span><strong data-start=\"1830\" data-end=\"1850\">controlled rides<\/strong><span>. You\u2019ll learn how to change direction, <\/span><strong data-start=\"1890\" data-end=\"1907\">turn smoothly<\/strong><span>, and perform <\/span><strong data-start=\"1921\" data-end=\"1942\">basic transitions<\/strong><span>. Emphasis will be on balance, kite positioning, and choosing the right direction based on wind and water conditions.<\/span><\/p>\n<h3 data-start=\"1161\" data-end=\"1172\">Day 6 &#8211; <span>Confidence &amp; Direction: Riding Upwind<\/span><\/h3>\n<p data-start=\"1173\" data-end=\"1237\"><span>Master one of the most important kiteboarding skills: <\/span><strong data-start=\"2174\" data-end=\"2191\">riding upwind<\/strong><span>. With better posture, edge control, and power handling, you\u2019ll work on <\/span><strong data-start=\"2263\" data-end=\"2295\">longer, more confident rides<\/strong><span>. This day solidifies your independence and sets the foundation for more advanced maneuvers.<\/span><\/p>\n<h3 data-start=\"1239\" data-end=\"1250\">Day 7 &#8211; <span>Tricks &amp; Style (Optional)<\/span><\/h3>\n<p data-start=\"1251\" data-end=\"1313\"><span>For those ready to push further, today introduces <\/span><strong data-start=\"2486\" data-end=\"2516\">basic freestyle techniques<\/strong><span> like small jumps, <\/span><strong data-start=\"2535\" data-end=\"2548\">backrolls<\/strong><span>, and creative transitions. If you&#8217;re still refining your fundamentals, focus on <\/span><strong data-start=\"2629\" data-end=\"2647\">toeside riding<\/strong><span>, <\/span><strong data-start=\"2649\" data-end=\"2671\">smooth transitions<\/strong><span>, and polishing your overall style. This flexible day caters to all levels of progression.<\/span><\/p>\n<h3 data-start=\"1315\" data-end=\"1326\">Day 8 &#8211; <span>Wrap-Up &amp; Future Vision<\/span><\/h3>\n<p data-start=\"1327\" data-end=\"1409\"><span>Celebrate your journey with a <\/span><strong data-start=\"2838\" data-end=\"2865\">final free ride session<\/strong><span>, applying everything you\u2019ve learned. Enjoy one-on-one feedback from your instructor, take part in a <\/span><strong data-start=\"2966\" data-end=\"2981\">Q&amp;A session<\/strong><span>, and receive tips on how to <\/span><strong data-start=\"3010\" data-end=\"3052\">continue your kiteboarding progression<\/strong><span>after the course. Optionally, capture photos or videos to remember your adventure in Tarifa.<\/span><\/p>\n<hr data-start=\"1411\" data-end=\"1414\">\n<h4 data-start=\"1416\" data-end=\"1436\"><strong data-start=\"1419\" data-end=\"1429\">Prix:<\/strong> \u20ac 1370<\/h4>\n<hr data-start=\"1438\" data-end=\"1441\">\n<h3 data-start=\"1443\" data-end=\"1471\"><strong data-start=\"1446\" data-end=\"1469\">Le prix comprend :<\/strong><\/h3>\n<p data-start=\"1472\" data-end=\"1739\">\u2705 Round trip Airport transfers Malaga &#8211; Tarifa &#8211; Malaga<\/p>\n<p data-start=\"1472\" data-end=\"1739\">\u2705 7 nights accommodation<\/p>\n<p data-start=\"1472\" data-end=\"1739\">\u2705 7 days of kite lessons with a professional instructor<\/p>\n<p data-start=\"1472\" data-end=\"1739\">\u2705 All necessary kite equipment (kite, board, harness, helmet, wetsuit)<\/p>\n<p data-start=\"1472\" data-end=\"1739\">\u2705 Radio communication for faster progress<\/p>\n<p data-start=\"1472\" data-end=\"1739\">\u2705 Certificate of completion<\/p>\n<p data-start=\"1472\" data-end=\"1739\">\u2705 Insurance during your stay<\/p>\n<hr data-start=\"1741\" data-end=\"1744\">\n<h3 data-start=\"1746\" data-end=\"1782\"><strong data-start=\"1749\" data-end=\"1780\">Le prix ne comprend pas :<\/strong><\/h3>\n<p data-start=\"1783\" data-end=\"1928\">\u274c Personal Expenses<br data-start=\"1813\" data-end=\"1816\">\u274c Meals and drinks<br data-start=\"1839\" data-end=\"1842\">\u274c Flights to Tarifa \/can be arranged from any point in the world\/<\/p>\n<hr data-start=\"1930\" data-end=\"1933\">\n<h3 data-start=\"1935\" data-end=\"1950\"><strong data-start=\"1938\" data-end=\"1948\">Remarques :<\/strong><\/h3>\n<p data-start=\"1951\" data-end=\"2285\">\u27a5 Tous les cours sont soumis aux conditions de vent ; nous pouvons les reporter si les conditions sont d\u00e9favorables.<\/p>\n<p data-start=\"1951\" data-end=\"2285\">\u27a5 Minimum age of participants is 14 years.<\/p>\n<p data-start=\"1951\" data-end=\"2285\">\u27a5 Les participants doivent savoir nager et \u00eatre en bonne condition physique.<\/p>\n<p data-start=\"1951\" data-end=\"2285\">\u27a5 Les participants de moins de 18 ans doivent obtenir le consentement de leurs parents.<\/p>\n<p data-start=\"1951\" data-end=\"2285\">\u27a5 Des groupes de petite taille (max 4 personnes par instructeur) garantissent un entra\u00eenement personnalis\u00e9 et une progression plus rapide.<\/p>\n\n\t\t<\/div>\n\t<\/div>\n<\/div><\/div><\/div><\/div><\/div><\/div><div class=\"container\"><div class=\"vc_row-wrapper vc_custom_1750014362671\"><div class=\"vc_row wpb_row vc_row-fluid\"  ><div class=\"wpb_column vc_column_container vc_col-sm-12\"><div class=\"vc_column-inner\"><div class=\"wpb_wrapper\"><div data-color=\"#ffffff\" class=\"gt3_custom_text\" style=\"color:#27323d;font-size: 30px; line-height: 140%; \">\n<p style=\"text-align: center;\"><strong>Ce que nous vous proposons<\/strong><\/p>\n<\/div>  \r\n<div class=\"vc_row wpb_row vc_inner vc_row-fluid\" ><div class=\"wpb_column vc_column_container vc_col-sm-10 vc_col-sm-offset-1\"><div class=\"vc_column-inner\"><div class=\"wpb_wrapper\"><div data-color=\"#ffffff\" class=\"gt3_custom_text\" style=\"color:#737d84;font-size: 16px; line-height: 190%; \">\n<p style=\"text-align: center;\">Ces derni\u00e8res ann\u00e9es, nous avons d\u00e9velopp\u00e9 une gamme de services destin\u00e9s \u00e0 tous les types de surfeurs\u00a0: surfeurs confirm\u00e9s et d\u00e9butants, femmes, enfants, touristes, parents ou simples amoureux de la plage. Nous offrons les meilleurs cours au monde\u00a0!<\/p>\n<\/div>  \r\n<\/div><\/div><\/div><\/div><\/div><\/div><\/div><\/div><\/div><\/div><div data-vc-full-width=\"true\" data-vc-full-width-init=\"false\" data-vc-stretch-content=\"true\" class=\"vc_row-wrapper vc_row wpb_row vc_row-fluid vc_column-gap-15\"><div class=\"wpb_column vc_column_container vc_col-sm-12\"><div class=\"vc_column-inner\"><div class=\"wpb_wrapper\"><div class=\"gt3_module_button gt3_btn_customize button_alignment_center\"><a class=\"button_size_large\" href=\"https:\/\/tarifakite.com\/fr\/contacts\/\"   style=\"background-color: #eb5e6e; border-width: 1px; border-style: solid; border-radius: 3px; border-color: #eb5e6e; \" data-default-bg=\"#eb5e6e\" data-default-border=\"#eb5e6e\" data-hover-color=\"#eb5e6e\" data-hover-border=\"#eb5e6e\" ><span class=\"gt3_btn_text\">R\u00e9servez d\u00e8s maintenant votre aventure<\/span><\/a><\/div>\r\n<div class=\"gt3_spacing gt3_spacing-height_mobile-on\"><div class=\"gt3_spacing-height gt3_spacing-height_default\" style=\"height:73px;\"><\/div> <div class=\"gt3_spacing-height gt3_spacing-height_mobile\" style=\"height:40px;\"><\/div><\/div>  \r\n<\/div><\/div><\/div><\/div><div class=\"vc_row-full-width vc_clearfix\"><\/div><div data-vc-full-width=\"true\" data-vc-full-width-init=\"false\" class=\"vc_row-wrapper vc_custom_1749924276146 gt3_mask_image\" style=\"-webkit-mask-image: url(https:\/\/tarifakite.com\/wp-content\/uploads\/2018\/05\/pattern_top.png);    mask-image: url(https:\/\/tarifakite.com\/wp-content\/uploads\/2018\/05\/pattern_top.png);    \"><div class=\"container\"><div class=\"vc_row wpb_row vc_row-fluid vc_row-has-fill\"  ><div class=\"wpb_column vc_column_container vc_col-sm-12\"><div class=\"vc_column-inner\"><div class=\"wpb_wrapper\"><div class=\"gt3_spacing gt3_spacing-height_mobile-on\"><div class=\"gt3_spacing-height gt3_spacing-height_default\" style=\"height:90px;\"><\/div> <div class=\"gt3_spacing-height gt3_spacing-height_mobile\" style=\"height:60px;\"><\/div><\/div>  \r\n<div data-color=\"#ffffff\" class=\"gt3_custom_text\" style=\"color:#ffffff;font-size: 30px; line-height: 100%; \">\n<p style=\"text-align: center;\"><strong>Ce que les gens disent de nous<\/strong><\/p>\n<\/div>  \r\n<div class=\"gt3_spacing\"><div class=\"gt3_spacing-height gt3_spacing-height_default\" style=\"height:45px;\"><\/div><\/div>  \r\n\n\t<div  class=\"wpb_single_image wpb_content_element vc_align_center wpb_content_element\">\n\t\t\n\t\t<figure class=\"wpb_wrapper vc_figure\">\n\t\t\t<div class=\"vc_single_image-wrapper   vc_box_border_grey\"><img loading=\"lazy\" decoding=\"async\" width=\"106\" height=\"12\" src=\"https:\/\/tarifakite.com\/wp-content\/uploads\/2018\/05\/bg_title_zigzag_separator.png\" class=\"vc_single_image-img attachment-full\" alt=\"\" title=\"bg_title_zigzag_separator\" \/><\/div>\n\t\t<\/figure>\n\t<\/div>\n<div class=\"gt3_spacing\"><div class=\"gt3_spacing-height gt3_spacing-height_default\" style=\"height:23px;\"><\/div><\/div>  \r\n<div class=\"vc_row wpb_row vc_inner vc_row-fluid testi_02\" ><div class=\"wpb_column vc_column_container vc_col-sm-8 vc_col-sm-offset-2\"><div class=\"vc_column-inner\"><div class=\"wpb_wrapper\"><div class=\"vc_row\">\r\n    <div class=\"vc_col-sm-12 module_testimonial  active-carousel type4\" data-slides-per-line=\"1\" data-slider-fade=\"1\" data-autoplay-time=\"4000\">\r\n    \t<div class=\"module_content testimonials_list items1\">\r\n        \t\r\n            <div class=\"testimonials_rotator\">\r\n        <div class=\"testimonials_item\">\r\n            <div class=\"testimonial_item_wrapper\">\r\n                <div class=\"testimonials_content\">\r\n                    <div class=\"testimonials-text\"  style= \" color: #ffffff; font-size: 24px; line-height: 1.5;\"> <strong data-start=\"93\" data-end=\"148\">\u2b50\ufe0f\u2b50\ufe0f\u2b50\ufe0f\u2b50\ufe0f\u2b50\ufe0f Une premi\u00e8re exp\u00e9rience de kitesurf incroyable !<\/strong><br data-start=\"148\" data-end=\"151\" \/><span>Je n&#039;avais essay\u00e9 le surf qu&#039;une seule fois auparavant et je voulais m&#039;y remettre depuis. Prendre un cours de kitesurf avec <\/span><strong data-start=\"279\" data-end=\"293\">TarifaKite<\/strong><span> C&#039;\u00e9tait la meilleure d\u00e9cision\u00a0! Mon instructeur, <\/span><strong data-start=\"332\" data-end=\"342\">Tr\u00e9vor<\/strong><span>, \u00e9tait incroyablement sympathique, positif et il \u00e9tait facile d&#039;apprendre avec lui. Son \u00e9nergie a rendu l&#039;exp\u00e9rience encore plus agr\u00e9able. Apr\u00e8s seulement une heure dans l&#039;eau, je montais d\u00e9j\u00e0 sur la planche \u00e0 plusieurs reprises\u00a0! J&#039;\u00e9tais stup\u00e9fait de mes progr\u00e8s. J&#039;ai h\u00e2te de revenir pour d&#039;autres s\u00e9ances\u00a0!<\/span><\/div>\r\n                    <div class=\"testimonials_title\" style=\" color: #ffffff; font-size: 18px;\">Petar Babi\u0107,<div class=\"testimonial_item_position\">client, Croatie<\/div><\/div>\r\n                    \r\n                <\/div>\r\n            <\/div>\r\n        <\/div>\r\n\r\n        <div class=\"testimonials_item\">\r\n            <div class=\"testimonial_item_wrapper\">\r\n                <div class=\"testimonials_content\">\r\n                    <div class=\"testimonials-text\"  style= \" color: #ffffff; font-size: 24px; line-height: 1.5;\"> \n<p data-start=\"113\" data-end=\"718\"><strong data-start=\"113\" data-end=\"175\">\u2b50\ufe0f\u2b50\ufe0f\u2b50\ufe0f\u2b50\ufe0f\u2b50\ufe0f Des cours de kitesurf incroyables avec TarifaKite !<\/strong><br data-start=\"175\" data-end=\"178\" \/>J&#039;ai eu une exp\u00e9rience incroyable en apprenant le kitesurf avec <strong data-start=\"232\" data-end=\"246\">TarifaKite<\/strong>Les moniteurs \u00e9taient super sympas, professionnels et patients\u00a0; ils m&#039;ont mis en confiance d\u00e8s le d\u00e9but. Les cours \u00e9taient bien structur\u00e9s et le mat\u00e9riel \u00e9tait de premier ordre. Apr\u00e8s seulement quelques heures, je progressais d\u00e9j\u00e0 et parcourais de courtes distances en autonomie. Le lieu est magnifique et l&#039;ambiance est d\u00e9tendue mais concentr\u00e9e. Si vous envisagez de vous essayer au kitesurf \u00e0 Tarifa, je vous recommande vivement TarifaKite. Je reviendrai sans h\u00e9siter\u00a0!<\/p>\n<p data-start=\"83\" data-end=\"104\"><\/div>\r\n                    <div class=\"testimonials_title\" style=\" color: #ffffff; font-size: 18px;\">Lukas Schneider,<div class=\"testimonial_item_position\">Client, Allemagne<\/div><\/div>\r\n                    \r\n                <\/div>\r\n            <\/div>\r\n        <\/div>\r\n<\/div><div class=\"clear\"><\/div>        <\/div>\r\n    <\/div>\r\n<\/div><\/div><\/div><\/div><\/div><div class=\"gt3_spacing gt3_spacing-height_mobile-on\"><div class=\"gt3_spacing-height gt3_spacing-height_default\" style=\"height:63px;\"><\/div> <div class=\"gt3_spacing-height gt3_spacing-height_mobile\" style=\"height:43px;\"><\/div><\/div>  \r\n<\/div><\/div><\/div><\/div><\/div><\/div><div class=\"vc_row-full-width vc_clearfix\"><\/div><div data-vc-full-width=\"true\" data-vc-full-width-init=\"false\" data-vc-stretch-content=\"true\" class=\"vc_row-wrapper vc_row wpb_row vc_row-fluid vc_row-no-padding\"><div class=\"wpb_column vc_column_container vc_col-sm-12\"><div class=\"vc_column-inner vc_custom_1526545235130\"><div class=\"wpb_wrapper\"><div data-color=\"#ffffff\" class=\"gt3_custom_text\" style=\"color:#909aa3;font-size: 16px; line-height: 140%; \"><div id=\"gt3pg_gallery1\" class=\"gt3pg_galleryid-4607 gt3pg_gallery-columns-4 gt3pg_photo_gallery gt3pg-corner-type-standard gt3pg_hover-default gt3pg-type-rectangle\" data-size=\"large\" data-type=\"rectangle\" data-corner=\"standard\" data-link=\"lightbox\" data-margin=\"0\" data-instance=\"1\"><dl class=\"gt3pg_gallery-item gt3pg_element\"><div class=\"gt3pg_item_main_wrapper\"><div class=\"gt3pg_item-wrapper\"><a href=\"https:\/\/tarifakite.com\/wp-content\/uploads\/2025\/06\/149001-1024x1024.jpg\" class=\"gt3pg_swipebox\" data-description=\"\"><div class=\"gt3pg_img_wrap portrait\" style=\"background-image: url(https:\/\/tarifakite.com\/wp-content\/uploads\/2025\/06\/149001-1024x1024.jpg);\" data-width=\"1500\" data-height=\"1500\" data-i=\"1\" >\r\n<img decoding=\"async\" src=\"https:\/\/tarifakite.com\/wp-content\/uploads\/2025\/06\/149001-1024x1024.jpg\" title=\"149001\" alt=\"\" \/>\r\n<\/div><\/a>\n<\/div>\n <\/div><\/dl>\n<dl class=\"gt3pg_gallery-item gt3pg_element\"><div class=\"gt3pg_item_main_wrapper\"><div class=\"gt3pg_item-wrapper\"><a href=\"https:\/\/tarifakite.com\/wp-content\/uploads\/2025\/06\/timo-voss-vsUxnpCKTeQ-unsplash.jpg\" class=\"gt3pg_swipebox\" data-description=\"\"><div class=\"gt3pg_img_wrap landscape\" style=\"background-image: url(https:\/\/tarifakite.com\/wp-content\/uploads\/2025\/06\/timo-voss-vsUxnpCKTeQ-unsplash.jpg);\" data-width=\"640\" data-height=\"427\" data-i=\"2\" >\r\n<img decoding=\"async\" src=\"https:\/\/tarifakite.com\/wp-content\/uploads\/2025\/06\/timo-voss-vsUxnpCKTeQ-unsplash.jpg\" title=\"timo-voss-vsUxnpCKTeQ-unsplash\" alt=\"\" \/>\r\n<\/div><\/a>\n<\/div>\n <\/div><\/dl>\n<dl class=\"gt3pg_gallery-item gt3pg_element\"><div class=\"gt3pg_item_main_wrapper\"><div class=\"gt3pg_item-wrapper\"><a href=\"https:\/\/tarifakite.com\/wp-content\/uploads\/2025\/06\/151873-1024x1024.jpg\" class=\"gt3pg_swipebox\" data-description=\"\"><div class=\"gt3pg_img_wrap portrait\" style=\"background-image: url(https:\/\/tarifakite.com\/wp-content\/uploads\/2025\/06\/151873-1024x1024.jpg);\" data-width=\"1500\" data-height=\"1500\" data-i=\"3\" >\r\n<img decoding=\"async\" src=\"https:\/\/tarifakite.com\/wp-content\/uploads\/2025\/06\/151873-1024x1024.jpg\" title=\"151873\" alt=\"\" \/>\r\n<\/div><\/a>\n<\/div>\n <\/div><\/dl>\n<dl class=\"gt3pg_gallery-item gt3pg_element\"><div class=\"gt3pg_item_main_wrapper\"><div class=\"gt3pg_item-wrapper\"><a href=\"https:\/\/tarifakite.com\/wp-content\/uploads\/2025\/06\/23349-1024x683.jpg\" class=\"gt3pg_swipebox\" data-description=\"\"><div class=\"gt3pg_img_wrap landscape\" style=\"background-image: url(https:\/\/tarifakite.com\/wp-content\/uploads\/2025\/06\/23349-1024x683.jpg);\" data-width=\"1500\" data-height=\"1000\" data-i=\"4\" >\r\n<img decoding=\"async\" src=\"https:\/\/tarifakite.com\/wp-content\/uploads\/2025\/06\/23349-1024x683.jpg\" title=\"23349\" alt=\"\" \/>\r\n<\/div><\/a>\n<\/div>\n <\/div><\/dl>\n<\/div>\n <style type='text\/css'>\r\n\t\t\t#gt3pg_gallery1 .gt3pg_item_main_wrapper {\r\n\t\t\t\tpadding: 0px\r\n\t\t\t}\r\n\t\t\t<\/style>\n\t\t<\/div>  \r\n<\/div><\/div><\/div><\/div><div class=\"vc_row-full-width vc_clearfix\"><\/div><div data-vc-full-width=\"true\" data-vc-full-width-init=\"false\" class=\"vc_row-wrapper vc_custom_1526454970407\"><div class=\"container\"><div class=\"vc_row wpb_row vc_row-fluid  gt3_brands_list vc_row-has-fill vc_row-o-equal-height vc_row-o-content-middle vc_row-flex\"  ><div class=\"wpb_column vc_column_container vc_col-sm-3\"><div class=\"vc_column-inner\"><div class=\"wpb_wrapper\"><div class=\"gt3_spacing\"><div class=\"gt3_spacing-height gt3_spacing-height_default\" style=\"height:7px;\"><\/div><\/div>  \r\n<\/div><\/div><\/div><\/div><\/div><\/div><div class=\"vc_row-full-width vc_clearfix\"><\/div><div class=\"container\"><div class=\"vc_row-wrapper\"><div class=\"vc_row wpb_row vc_row-fluid\"  ><div class=\"wpb_column vc_column_container vc_col-sm-12\"><div class=\"vc_column-inner\"><div class=\"wpb_wrapper\">\n\t<div class=\"wpb_text_column wpb_content_element\" >\n\t\t<div class=\"wpb_wrapper\">\n\t\t\t\n\t\t<\/div>\n\t<\/div>\n<\/div><\/div><\/div><\/div><\/div><\/div>\n<\/div>","protected":false},"excerpt":{"rendered":"Why Learn from the Rest\u2026When You Can Learn from the Best! Welcome to Kite Tarifa &nbsp;\u2014 your ultimate kite holiday in the kite capital of Europe.Whether you\u2019re a complete beginner or you want to progress your skills, we've got you covered. With our team of highly trained instructors, you\u2019ll learn safely, efficiently, and with lots [...]","protected":false},"author":1,"featured_media":4511,"parent":0,"menu_order":0,"comment_status":"closed","ping_status":"closed","template":"full-width.php","meta":{"footnotes":""},"class_list":["post-4607","page","type-page","status-publish","has-post-thumbnail","hentry"],"_links":{"self":[{"href":"https:\/\/tarifakite.com\/fr\/wp-json\/wp\/v2\/pages\/4607","targetHints":{"allow":["GET"]}}],"collection":[{"href":"https:\/\/tarifakite.com\/fr\/wp-json\/wp\/v2\/pages"}],"about":[{"href":"https:\/\/tarifakite.com\/fr\/wp-json\/wp\/v2\/types\/page"}],"author":[{"embeddable":true,"href":"https:\/\/tarifakite.com\/fr\/wp-json\/wp\/v2\/users\/1"}],"replies":[{"embeddable":true,"href":"https:\/\/tarifakite.com\/fr\/wp-json\/wp\/v2\/comments?post=4607"}],"version-history":[{"count":3,"href":"https:\/\/tarifakite.com\/fr\/wp-json\/wp\/v2\/pages\/4607\/revisions"}],"predecessor-version":[{"id":4626,"href":"https:\/\/tarifakite.com\/fr\/wp-json\/wp\/v2\/pages\/4607\/revisions\/4626"}],"wp:featuredmedia":[{"embeddable":true,"href":"https:\/\/tarifakite.com\/fr\/wp-json\/wp\/v2\/media\/4511"}],"wp:attachment":[{"href":"https:\/\/tarifakite.com\/fr\/wp-json\/wp\/v2\/media?parent=4607"}],"curies":[{"name":"wp","href":"https:\/\/api.w.org\/{rel}","templated":true}]}}