{"id":1478,"date":"2018-02-28T07:59:39","date_gmt":"2018-02-28T07:59:39","guid":{"rendered":"https:\/\/livewp.site\/wp\/md\/sunergy\/?page_id=1478"},"modified":"2025-06-22T08:35:22","modified_gmt":"2025-06-22T08:35:22","slug":"frequently-asked-questions","status":"publish","type":"page","link":"https:\/\/tarifakite.com\/fr\/frequently-asked-questions\/","title":{"rendered":"Questions fr\u00e9quemment pos\u00e9es"},"content":{"rendered":"<div class=\"wpb-content-wrapper\"><div data-vc-full-width=\"true\" data-vc-full-width-init=\"false\" class=\"vc_row-wrapper vc_custom_1527673377033\"><div class=\"container\"><div class=\"vc_row wpb_row vc_row-fluid vc_row-has-fill\"  ><div class=\"wpb_column vc_column_container vc_col-sm-6\"><div class=\"vc_column-inner\"><div class=\"wpb_wrapper\"><\/div><\/div><\/div><div class=\"wpb_column vc_column_container vc_col-sm-6\"><div class=\"vc_column-inner\"><div class=\"wpb_wrapper\"><div class=\"gt3_spacing gt3_spacing-height_mobile-on\"><div class=\"gt3_spacing-height gt3_spacing-height_default\" style=\"height:86px;\"><\/div> <div class=\"gt3_spacing-height gt3_spacing-height_mobile\" style=\"height:10px;\"><\/div><\/div>  \r\n<div data-color=\"#ffffff\" class=\"gt3_custom_text\" style=\"color:#27323d;font-size: 30px; line-height: 140%; \"><strong>La vie est une vague. Le vent est votre moteur.<\/strong><\/div>  \r\n<div class=\"gt3_spacing\"><div class=\"gt3_spacing-height gt3_spacing-height_default\" style=\"height:21px;\"><\/div><\/div>  \r\n<div data-color=\"#ffffff\" class=\"gt3_custom_text\" style=\"color:#737d84;font-size: 16px; line-height: 190%; \">\n<p style=\"text-align: center;\"><strong data-start=\"78\" data-end=\"141\">Kitesurfing is more than just a sport \u2014 it&#8217;s a way of life.<\/strong><br data-start=\"141\" data-end=\"144\"><span>Harnessing the power of the wind, you glide across the water with effortless speed, fully immersed in nature and connected to a vibrant, like-minded community.<\/span><br data-start=\"303\" data-end=\"306\"><span>It\u2019s a unique blend of freedom, exhilaration, and pure joy \u2014 all in one unforgettable experience.<\/span><\/p>\n<\/div>  \r\n<div class=\"gt3_spacing\"><div class=\"gt3_spacing-height gt3_spacing-height_default\" style=\"height:32px;\"><\/div><\/div>  \r\n<div class=\"gt3_spacing gt3_spacing-height_mobile-on\"><div class=\"gt3_spacing-height gt3_spacing-height_default\" style=\"height:120px;\"><\/div> <div class=\"gt3_spacing-height gt3_spacing-height_mobile\" style=\"height:50px;\"><\/div><\/div>  \r\n<\/div><\/div><\/div><\/div><\/div><\/div><div class=\"vc_row-full-width vc_clearfix\"><\/div><div data-vc-full-width=\"true\" data-vc-full-width-init=\"false\" class=\"vc_row-wrapper vc_custom_1526477322485\"><div class=\"container\"><div class=\"vc_row wpb_row vc_row-fluid vc_row-has-fill\"  ><div class=\"wpb_column vc_column_container vc_col-sm-12\"><div class=\"vc_column-inner\"><div class=\"wpb_wrapper\"><div class=\"gt3_spacing gt3_spacing-height_mobile-on\"><div class=\"gt3_spacing-height gt3_spacing-height_default\" style=\"height:56px;\"><\/div> <div class=\"gt3_spacing-height gt3_spacing-height_mobile\" style=\"height:36px;\"><\/div><\/div>  \r\n<div data-color=\"#ffffff\" class=\"gt3_custom_text\" style=\"color:#ffffff;font-size: 30px; line-height: 140%; \">Questions fr\u00e9quemment pos\u00e9es<\/div>  \r\n<div class=\"gt3_spacing\"><div class=\"gt3_spacing-height gt3_spacing-height_default\" style=\"height:21px;\"><\/div><\/div>  \r\n<div data-color=\"#ffffff\" class=\"gt3_custom_text\" style=\"color:#c9d4dc;font-size: 16px; line-height: 190%; \"><span>Notre m\u00e9thode \u00e9prouv\u00e9e \u00ab\u00a0Apprendre le kite\u00a0\u00bb est une approche \u00e9tape par \u00e9tape con\u00e7ue pour d\u00e9velopper vos comp\u00e9tences en toute s\u00e9curit\u00e9 et efficacit\u00e9. Vous commencerez sur terre, ma\u00eetrisant la th\u00e9orie du vent, le contr\u00f4le de l&#039;aile et l&#039;\u00e9quilibre. Ensuite, place \u00e0 l&#039;eau, o\u00f9 nos instructeurs exp\u00e9riment\u00e9s vous guideront \u00e0 chaque \u00e9tape jusqu&#039;\u00e0 ce que vous naviguiez avec puissance et fluidit\u00e9. Que vous soyez d\u00e9butant ou que vous cherchiez \u00e0 progresser, nous avons ce qu&#039;il vous faut.<\/span><\/div>  \r\n<div class=\"gt3_spacing\"><div class=\"gt3_spacing-height gt3_spacing-height_default\" style=\"height:40px;\"><\/div><\/div>  \r\n<div  class=\"vc_do_toggle vc_toggle vc_toggle_accordion_alternative vc_toggle_color_triangle  vc_toggle_size_right vc_toggle_active\"><div class=\"vc_toggle_title\"><h4>Comment r\u00e9server un kite \u00e0 Tarifa ?<\/h4><i class=\"vc_toggle_icon\"><\/i><\/div><div class=\"vc_toggle_content\"><p>First you decide that you want to visit us. Then you write to us about available places at book@kitetarifa.com, and if there are available, we will send you a link and you pay a 30% deposit to reserve the places.<\/p>\n<p>Dans le motif du paiement, indiquez le nombre de personnes et la date.<\/p>\n<p>&nbsp;<\/p>\n<p>EXEMPLE:<\/p>\n<p>IMPORTANT !!! : Veuillez d\u00e9crire la raison comme indiqu\u00e9 dans l&#039;exemple.<\/p>\n<p>&nbsp;<\/p>\n<p>Motif du paiement\u00a0: \u00ab\u00a0Forfait cerf-volant avec acompte 30%, 2 personnes, du 23 au 30 mai\u00a0\u00bb<\/p>\n<p>&nbsp;<\/p>\n<p>Nous privil\u00e9gions la communication par e-mail. De nombreuses inscriptions sont possibles, les informations sont synchronis\u00e9es entre plusieurs pays et nous traitons toutes les r\u00e9servations par \u00e9tapes.<\/p>\n<p>&nbsp;<\/p>\n<p>The rest of the amount have to be payed up to 7 days before the package start.<\/p>\n<p>&nbsp;<\/p>\n<p>Nous nous excusons pour le retard de r\u00e9ponse. Merci et au plaisir de vous revoir.<\/p>\n<\/div><\/div><div  class=\"vc_do_toggle vc_toggle vc_toggle_accordion_alternative vc_toggle_color_triangle  vc_toggle_size_right\"><div class=\"vc_toggle_title\"><h4>Que pouvez-vous visiter d&#039;autre pendant votre voyage \u00e0 Tarifa ?<\/h4><i class=\"vc_toggle_icon\"><\/i><\/div><div class=\"vc_toggle_content\"><p>Tarifa n&#039;est pas seulement un paradis pour le kitesurf, c&#039;est aussi un point de d\u00e9part id\u00e9al pour explorer le sud de l&#039;Espagne. Vous pouvez visiter les magnifiques villages blancs d&#039;Andalousie, faire une excursion d&#039;une journ\u00e9e au Maroc depuis le port de Tarifa ou explorer les parcs naturels voisins comme Los Alcornocales. Ne manquez pas les ruines romaines de Baelo Claudia, \u00e0 seulement 20 minutes, ou l&#039;observation des baleines dans le d\u00e9troit de Gibraltar. Que vous soyez amateur de nature, d&#039;histoire ou de culture, il y a tant \u00e0 voir au-del\u00e0 de la plage.<\/p>\n<\/div><\/div><div  class=\"vc_do_toggle vc_toggle vc_toggle_accordion_alternative vc_toggle_color_triangle  vc_toggle_size_right\"><div class=\"vc_toggle_title\"><h4>Quel est le meilleur moment pour faire du kite ?<\/h4><i class=\"vc_toggle_icon\"><\/i><\/div><div class=\"vc_toggle_content\"><p>La meilleure p\u00e9riode pour pratiquer le kitesurf \u00e0 Tarifa s&#039;\u00e9tend de mai \u00e0 octobre, lorsque les conditions de vent sont optimales et que le temps est chaud et ensoleill\u00e9. Tarifa b\u00e9n\u00e9ficie de deux vents principaux\u00a0: le Levante (fort et offshore) et le Poniente (plus doux et onshore), ce qui en fait une destination id\u00e9ale toute l&#039;ann\u00e9e. Cependant, l&#039;\u00e9t\u00e9 offre des conditions plus stables, id\u00e9ales pour les d\u00e9butants comme pour les riders confirm\u00e9s.<\/p>\n<\/div><\/div><div  class=\"vc_do_toggle vc_toggle vc_toggle_accordion_alternative vc_toggle_color_triangle  vc_toggle_size_right\"><div class=\"vc_toggle_title\"><h4>Tarifa est-il un bon endroit pour apprendre le kitesurf ?<\/h4><i class=\"vc_toggle_icon\"><\/i><\/div><div class=\"vc_toggle_content\"><p>Absolument ! Tarifa est l&#039;un des meilleurs spots de kitesurf d&#039;Europe, avec un vent constant, de larges plages et une communaut\u00e9 de kitesurfeurs dynamique.<\/p>\n<\/div><\/div><div  class=\"vc_do_toggle vc_toggle vc_toggle_accordion_alternative vc_toggle_color_triangle  vc_toggle_size_right\"><div class=\"vc_toggle_title\"><h4>How reliable is the wind throughout the year?<\/h4><i class=\"vc_toggle_icon\"><\/i><\/div><div class=\"vc_toggle_content\"><p><span>Tarifa is one of the most reliable wind destinations in Europe, with over 300 windy days per year. Summer (May\u2013September) typically has stronger and more consistent winds, while winter offers gentler breezes, perfect for beginners.<\/span><\/p>\n<\/div><\/div><div  class=\"vc_do_toggle vc_toggle vc_toggle_accordion_alternative vc_toggle_color_triangle  vc_toggle_size_right\"><div class=\"vc_toggle_title\"><h4>What wind direction (Levante vs Poniente) is ideal for learning versus advanced riding?<\/h4><i class=\"vc_toggle_icon\"><\/i><\/div><div class=\"vc_toggle_content\"><p><span>Poniente (from the west) is more stable and moderate\u2014ideal for beginners. Levante (from the east) is stronger, gustier, and better suited for experienced riders looking for adrenaline.<\/span><\/p>\n<\/div><\/div><div  class=\"vc_do_toggle vc_toggle vc_toggle_accordion_alternative vc_toggle_color_triangle  vc_toggle_size_right\"><div class=\"vc_toggle_title\"><h4>What\u2019s beach access like in summer with restrictions on kite zones?<\/h4><i class=\"vc_toggle_icon\"><\/i><\/div><div class=\"vc_toggle_content\"><p><span>In summer, the beach is divided into designated kite zones. Safety is a priority, so launching and landing is only allowed in marked areas. Outside these zones, kiting is not permitted.<\/span><\/p>\n<\/div><\/div><div  class=\"vc_do_toggle vc_toggle vc_toggle_accordion_alternative vc_toggle_color_triangle  vc_toggle_size_right\"><div class=\"vc_toggle_title\"><h4>How can I interpret forecasts (Windguru, Windy) for Tarifa?<\/h4><i class=\"vc_toggle_icon\"><\/i><\/div><div class=\"vc_toggle_content\"><p><span>Poniente often ends up being stronger than forecasted, while Levante can vary. Focus on local stations and the &#8220;SPOT TARIFA&#8221; forecast on Windguru for the most reliable data. Windy is great for visualizing direction and gusts.<\/span><\/p>\n<\/div><\/div><div  class=\"vc_do_toggle vc_toggle vc_toggle_accordion_alternative vc_toggle_color_triangle  vc_toggle_size_right\"><div class=\"vc_toggle_title\"><h4>Que se passe-t-il s&#039;il n&#039;y a pas de vent ?<\/h4><i class=\"vc_toggle_icon\"><\/i><\/div><div class=\"vc_toggle_content\"><p>Pas de vent ? Pas de probl\u00e8me ! Tarifa offre un large \u00e9ventail d&#039;activit\u00e9s au-del\u00e0 du kitesurf. Vous pouvez faire de l&#039;escalade, du VTT, de la randonn\u00e9e ou explorer le magnifique littoral en stand-up paddle. La vieille ville est id\u00e9ale pour une journ\u00e9e de d\u00e9tente entre shopping, tapas et culture. Vous pouvez aussi suivre un cours de yoga, observer les baleines ou m\u00eame planifier une excursion d&#039;une journ\u00e9e au Maroc. Avec ou sans vent, une aventure vous attend \u00e0 Tarifa.<\/p>\n<\/div><\/div><div  class=\"vc_do_toggle vc_toggle vc_toggle_accordion_alternative vc_toggle_color_triangle  vc_toggle_size_right\"><div class=\"vc_toggle_title\"><h4>L&#039;\u00e9quipement est-il inclus ?<\/h4><i class=\"vc_toggle_icon\"><\/i><\/div><div class=\"vc_toggle_content\"><p>Oui, tout est inclus ! Tout l&#039;\u00e9quipement de kitesurf n\u00e9cessaire, comme l&#039;aile, la planche, le harnais, le casque et la combinaison, est fourni pendant vos cours. Nous veillons \u00e0 ce que vous disposiez d&#039;un mat\u00e9riel de qualit\u00e9 et bien entretenu pour que vous puissiez vous concentrer sur votre apprentissage et profiter pleinement de votre exp\u00e9rience sur l&#039;eau.<\/p>\n<\/div><\/div><div  class=\"vc_do_toggle vc_toggle vc_toggle_accordion_alternative vc_toggle_color_triangle  vc_toggle_size_right\"><div class=\"vc_toggle_title\"><h4>Une exp\u00e9rience pr\u00e9alable est-elle n\u00e9cessaire ?<\/h4><i class=\"vc_toggle_icon\"><\/i><\/div><div class=\"vc_toggle_content\"><p>Absolument pas ! Nos cours sont con\u00e7us pour tous les niveaux, y compris les d\u00e9butants. Que ce soit votre premi\u00e8re exp\u00e9rience en kite ou que vous cherchiez \u00e0 vous perfectionner, nos instructeurs certifi\u00e9s vous guideront pas \u00e0 pas pour une exp\u00e9rience amusante et en toute s\u00e9curit\u00e9. Apportez simplement votre enthousiasme, nous nous occupons du reste !<\/p>\n<\/div><\/div><div  class=\"vc_do_toggle vc_toggle vc_toggle_accordion_alternative vc_toggle_color_triangle  vc_toggle_size_right\"><div class=\"vc_toggle_title\"><h4>Quel est l&#039;\u00e2ge minimum des participants ?<\/h4><i class=\"vc_toggle_icon\"><\/i><\/div><div class=\"vc_toggle_content\"><p>L&#039;\u00e2ge minimum pour participer \u00e0 nos cours de kitesurf est de 14 ans. La s\u00e9curit\u00e9 est notre priorit\u00e9 absolue et nous veillons \u00e0 ce que chaque \u00e9l\u00e8ve soit physiquement pr\u00eat et \u00e0 l&#039;aise dans l&#039;eau. Pour les plus jeunes, nous serons ravis de recommander d&#039;autres activit\u00e9s amusantes autour de Tarifa\u00a0!<\/p>\n<\/div><\/div><div  class=\"vc_do_toggle vc_toggle vc_toggle_accordion_alternative vc_toggle_color_triangle  vc_toggle_size_right\"><div class=\"vc_toggle_title\"><h4>L&#039;assurance est-elle incluse ?<\/h4><i class=\"vc_toggle_icon\"><\/i><\/div><div class=\"vc_toggle_content\"><p>Oui, l&#039;assurance est incluse dans tous nos cours de kitesurf. Votre s\u00e9curit\u00e9 et votre tranquillit\u00e9 d&#039;esprit sont primordiales pour nous\u00a0; vous serez donc enti\u00e8rement couvert pendant votre sortie sur l&#039;eau. D\u00e9tendez-vous et profitez de votre exp\u00e9rience\u00a0: nous sommes l\u00e0 pour vous.<\/p>\n<\/div><\/div><div  class=\"vc_do_toggle vc_toggle vc_toggle_accordion_alternative vc_toggle_color_triangle  vc_toggle_size_right\"><div class=\"vc_toggle_title\"><h4>Que devrions-nous apporter avec nous ?<\/h4><i class=\"vc_toggle_icon\"><\/i><\/div><div class=\"vc_toggle_content\"><p>Nous fournissons tout le mat\u00e9riel de kitesurf, mais nous vous recommandons d&#039;apporter quelques affaires personnelles essentielles\u00a0: maillot de bain, serviette, tongs, cr\u00e8me solaire et bouteille d&#039;eau. Lunettes de soleil et chapeau sont \u00e9galement parfaits pour les journ\u00e9es ensoleill\u00e9es. Surtout, apportez votre bonne humeur et votre sens de l&#039;aventure\u00a0; nous nous occupons du reste\u00a0!<\/p>\n<\/div><\/div><div  class=\"vc_do_toggle vc_toggle vc_toggle_accordion_alternative vc_toggle_color_triangle  vc_toggle_size_right\"><div class=\"vc_toggle_title\"><h4>Puis-je commander un ch\u00e8que-cadeau pour une autre personne ?<\/h4><i class=\"vc_toggle_icon\"><\/i><\/div><div class=\"vc_toggle_content\"><p>Oui, absolument ! Vous pouvez commander un bon cadeau pour un ami, un membre de votre famille ou un proche. C&#039;est le cadeau id\u00e9al pour un anniversaire, les f\u00eates ou tout simplement pour surprendre quelqu&#039;un avec une exp\u00e9rience de kitesurf inoubliable \u00e0 Tarifa. Dites-nous tout et nous nous occupons du reste !<\/p>\n<\/div><\/div><div  class=\"vc_do_toggle vc_toggle vc_toggle_accordion_alternative vc_toggle_color_triangle  vc_toggle_size_right\"><div class=\"vc_toggle_title\"><h4>Quel type de logement avez-vous ?<\/h4><i class=\"vc_toggle_icon\"><\/i><\/div><div class=\"vc_toggle_content\"><p>Nous avons une occupation simple et double.<\/p>\n<\/div><\/div><div class=\"gt3_spacing gt3_spacing-height_mobile-on\"><div class=\"gt3_spacing-height gt3_spacing-height_default\" style=\"height:92px;\"><\/div> <div class=\"gt3_spacing-height gt3_spacing-height_mobile\" style=\"height:62px;\"><\/div><\/div>  \r\n<\/div><\/div><\/div><\/div><\/div><\/div><div class=\"vc_row-full-width vc_clearfix\"><\/div><div data-vc-full-width=\"true\" data-vc-full-width-init=\"false\" class=\"vc_row-wrapper vc_custom_1527080833987 gt3_mask_image\" style=\"-webkit-mask-image: url(https:\/\/tarifakite.com\/wp-content\/uploads\/2018\/05\/pattern_top.png);    mask-image: url(https:\/\/tarifakite.com\/wp-content\/uploads\/2018\/05\/pattern_top.png);    \"><div class=\"container\"><div class=\"vc_row wpb_row vc_row-fluid vc_row-has-fill\"  ><div class=\"wpb_column vc_column_container vc_col-sm-12\"><div class=\"vc_column-inner\"><div class=\"wpb_wrapper\"><div class=\"gt3_spacing gt3_spacing-height_tablet-on gt3_spacing-height_mobile-on\"><div class=\"gt3_spacing-height gt3_spacing-height_default\" style=\"height:204px;\"><\/div> <div class=\"gt3_spacing-height gt3_spacing-height_tablet\" style=\"height:154px;\"><\/div> <div class=\"gt3_spacing-height gt3_spacing-height_mobile\" style=\"height:54px;\"><\/div><\/div>  \r\n<div data-color=\"#ffffff\" class=\"gt3_custom_text\" style=\"color:#ffffff;font-family:Kaushan Script;font-weight:400;font-style:normal;font-size: 100px; line-height: 140%; \"> <div class=\"gt3_custom_text-font_size_tablet\" style=\"font-size:60px;line-height: 140%;\"> <div class=\"gt3_custom_text-font_size_mobile\" style=\"font-size:46px;line-height: 140%;\">\n<p style=\"text-align: center\">Int\u00e9ress\u00e9 par nos cours ?<\/p>\n <\/div> <\/div><\/div>  \r\n<div class=\"gt3_spacing\"><div class=\"gt3_spacing-height gt3_spacing-height_default\" style=\"height:23px;\"><\/div><\/div>  \r\n<div class=\"gt3_module_button gt3_btn_customize button_alignment_center\"><a class=\"button_size_large\" href=\"https:\/\/tarifakite.com\/fr\/contacts\/\"   style=\"background-color: #ffffff; color: #eb5e6e; border-width: 1px; border-style: solid; border-radius: 3px; border-color: #ffffff; \" data-default-bg=\"#ffffff\" data-default-color=\"#eb5e6e\" data-default-border=\"#ffffff\" data-hover-bg=\"#eb5e6e\" data-hover-color=\"#ffffff\" data-hover-border=\"#eb5e6e\" ><span class=\"gt3_btn_text\">r\u00e9servez maintenant<\/span><\/a><\/div>\r\n<div class=\"gt3_spacing gt3_spacing-height_tablet-on gt3_spacing-height_mobile-on\"><div class=\"gt3_spacing-height gt3_spacing-height_default\" style=\"height:267px;\"><\/div> <div class=\"gt3_spacing-height gt3_spacing-height_tablet\" style=\"height:217px;\"><\/div> <div class=\"gt3_spacing-height gt3_spacing-height_mobile\" style=\"height:107px;\"><\/div><\/div>  \r\n<\/div><\/div><\/div><\/div><\/div><\/div><div class=\"vc_row-full-width vc_clearfix\"><\/div>\n<\/div>","protected":false},"excerpt":{"rendered":"Life is a Wave. The Wind is Your Engine Kitesurfing is more than just a sport \u2014 it's a way of life.Harnessing the power of the wind, you glide across the water with effortless speed, fully immersed in nature and connected to a vibrant, like-minded community.It\u2019s a unique blend of freedom, exhilaration, and pure joy [...]","protected":false},"author":1,"featured_media":0,"parent":0,"menu_order":0,"comment_status":"closed","ping_status":"closed","template":"","meta":{"footnotes":""},"class_list":["post-1478","page","type-page","status-publish","hentry"],"_links":{"self":[{"href":"https:\/\/tarifakite.com\/fr\/wp-json\/wp\/v2\/pages\/1478","targetHints":{"allow":["GET"]}}],"collection":[{"href":"https:\/\/tarifakite.com\/fr\/wp-json\/wp\/v2\/pages"}],"about":[{"href":"https:\/\/tarifakite.com\/fr\/wp-json\/wp\/v2\/types\/page"}],"author":[{"embeddable":true,"href":"https:\/\/tarifakite.com\/fr\/wp-json\/wp\/v2\/users\/1"}],"replies":[{"embeddable":true,"href":"https:\/\/tarifakite.com\/fr\/wp-json\/wp\/v2\/comments?post=1478"}],"version-history":[{"count":12,"href":"https:\/\/tarifakite.com\/fr\/wp-json\/wp\/v2\/pages\/1478\/revisions"}],"predecessor-version":[{"id":4627,"href":"https:\/\/tarifakite.com\/fr\/wp-json\/wp\/v2\/pages\/1478\/revisions\/4627"}],"wp:attachment":[{"href":"https:\/\/tarifakite.com\/fr\/wp-json\/wp\/v2\/media?parent=1478"}],"curies":[{"name":"wp","href":"https:\/\/api.w.org\/{rel}","templated":true}]}}