{"id":4607,"date":"2025-06-21T19:37:51","date_gmt":"2025-06-21T19:37:51","guid":{"rendered":"https:\/\/tarifakite.com\/?page_id=4607"},"modified":"2025-06-22T08:33:53","modified_gmt":"2025-06-22T08:33:53","slug":"kite-tarifa-2025","status":"publish","type":"page","link":"https:\/\/tarifakite.com\/de\/kite-tarifa-2025\/","title":{"rendered":"Kite Tarifa 2025"},"content":{"rendered":"<div class=\"wpb-content-wrapper\"><div class=\"container\"><div class=\"vc_row-wrapper\"><div class=\"vc_row wpb_row vc_row-fluid\"  ><div class=\"wpb_column vc_column_container vc_col-sm-12\"><div class=\"vc_column-inner\"><div class=\"wpb_wrapper\">\n\t<div class=\"wpb_text_column wpb_content_element\" >\n\t\t<div class=\"wpb_wrapper\">\n\t\t\t<h2 data-start=\"258\" data-end=\"288\">Warum vom Rest lernen ... wenn Sie von den Besten lernen k\u00f6nnen!<\/h2>\n<p data-start=\"324\" data-end=\"692\">Willkommen bei <strong data-start=\"335\" data-end=\"355\">Kite Tarifa <\/strong>&nbsp;\u2014 Ihr ultimativer Kite-Urlaub in der Kite-Hauptstadt Europas.<br data-start=\"415\" data-end=\"418\">Egal, ob Sie ein absoluter Anf\u00e4nger sind oder Ihre F\u00e4higkeiten verbessern m\u00f6chten, bei uns sind Sie richtig.<\/p>\n<p data-start=\"324\" data-end=\"692\">Mit unserem Team aus <strong data-start=\"550\" data-end=\"580\">hochqualifizierte Ausbilder<\/strong>lernst du sicher, effizient und mit viel Spa\u00df \u2013 umgeben von atemberaubender Natur und perfekten Bedingungen.<\/p>\n<hr data-start=\"694\" data-end=\"697\">\n<h3 style=\"text-align: center;\" data-start=\"699\" data-end=\"734\">8-Tage-Kitesurfing-Paket<\/h3>\n<p>&nbsp;<\/p>\n<h3 data-start=\"736\" data-end=\"747\">Tag 1 \u2013 Willkommen in Tarifa<\/h3>\n<p data-start=\"748\" data-end=\"832\"><span>Nach Ihrer Ankunft beziehen Sie Ihre Unterkunft und nehmen sich Zeit zum Entspannen. Tauchen Sie abends ein in die charmante <\/span><strong data-start=\"302\" data-end=\"324\">Altstadt von Tarifa<\/strong><span>, wo Sie gepflasterte Stra\u00dfen, lebhafte Tapas-Bars und der Blick auf Marokko \u00fcber das Meer hinweg willkommen hei\u00dfen. Es ist der perfekte Weg, um in die richtige Stimmung f\u00fcr Ihr Kiteboarding-Abenteuer zu kommen.<\/span><\/p>\n<h3 data-start=\"834\" data-end=\"845\">Tag 2 \u2013 <span>Erste Schritte: Bodenschule &amp; Erste Kite-Erfahrung<\/span><\/h3>\n<p data-start=\"846\" data-end=\"925\"><span>Treffen Sie Ihren Lehrer und die Gruppe zu einem herzlichen Empfang und <\/span><strong data-start=\"628\" data-end=\"660\">Einf\u00fchrung ins Kitesurfen<\/strong><span>. Sie durchlaufen wesentliche <\/span><strong data-start=\"690\" data-end=\"710\">Sicherheitsunterweisungen<\/strong><span>, Windtheorie, Ger\u00e4teaufbau und <\/span><strong data-start=\"746\" data-end=\"770\">Drachenkontrolle an Land<\/strong><span>. Sp\u00fcren Sie am Nachmittag die Aufregung Ihres <\/span><strong data-start=\"818\" data-end=\"848\">erste Drachenflug\u00fcbungen<\/strong><span> \u2013 Lernen Sie, wie Sie den Drachen sicher starten, landen und steuern, w\u00e4hrend Sie am Strand bleiben.<\/span><\/p>\n<h3 data-start=\"927\" data-end=\"938\">Tag 3 \u2013 <span>Ab ins Wasser: Body Dragging &amp; Kraftkontrolle<\/span><\/h3>\n<p data-start=\"939\" data-end=\"997\"><span>Heute wechseln Sie vom Land ins Wasser. Beginnen Sie mit <\/span><strong data-start=\"1058\" data-end=\"1082\">Body-Drag-Techniken<\/strong><span> \u2014 sich mit dem Kite ohne Board durch das Wasser ziehen. Du \u00fcbst <\/span><strong data-start=\"1170\" data-end=\"1185\">Wassereintritt<\/strong><span>, <\/span><strong data-start=\"1187\" data-end=\"1207\">Energieverwaltung<\/strong><span>und Richtungskontrolle, einschlie\u00dflich grundlegender <\/span><strong data-start=\"1250\" data-end=\"1283\">Auf- und Abwindbewegungen<\/strong><span>. Dieser Schritt ist entscheidend, um Vertrauen aufzubauen, bevor das Board hinzugef\u00fcgt wird.<\/span><\/p>\n<h3 data-start=\"999\" data-end=\"1010\">Tag 4 \u2013 <span>Die ersten Fahrten: Wasserstarts<\/span><\/h3>\n<p data-start=\"1011\" data-end=\"1080\"><span>Erleben Sie den Nervenkitzel Ihrer <\/span><strong data-start=\"1432\" data-end=\"1454\">Erstes Wasser startet<\/strong><span> Wenn du anf\u00e4ngst, mit dem Board zu fahren, lerne, deinen K\u00f6rper und dein Board richtig auszurichten, die Kraft des Kites beim Abheben zu kontrollieren und \u00fcber das Wasser zu gleiten. Mach dich auf viel Ausprobieren und viel Aufregung gefasst, sobald du erste kurze Fahrten meisterst.<\/span><\/p>\n<h3 data-start=\"1082\" data-end=\"1093\">Tag 5 \u2013 <span>Kontrolle gewinnen: Wendungen und \u00dcberg\u00e4nge<\/span><\/h3>\n<p data-start=\"1094\" data-end=\"1159\"><span>Jetzt, wo Sie auf den Beinen sind und fahren, konzentrieren Sie sich darauf, Ihre Sitzungen zu verl\u00e4ngern mit <\/span><strong data-start=\"1830\" data-end=\"1850\">kontrollierte Fahrten<\/strong><span>. Sie lernen, die Richtung zu \u00e4ndern, <\/span><strong data-start=\"1890\" data-end=\"1907\">drehen Sie sich sanft<\/strong><span>und f\u00fchren Sie <\/span><strong data-start=\"1921\" data-end=\"1942\">grundlegende \u00dcberg\u00e4nge<\/strong><span>Der Schwerpunkt liegt auf Gleichgewicht, Drachenpositionierung und der Wahl der richtigen Richtung je nach Wind- und Wasserbedingungen.<\/span><\/p>\n<h3 data-start=\"1161\" data-end=\"1172\">Tag 6 \u2013 <span>Vertrauen und Orientierung: Gegen den Wind fahren<\/span><\/h3>\n<p data-start=\"1173\" data-end=\"1237\"><span>Meistern Sie eine der wichtigsten Kiteboarding-F\u00e4higkeiten: <\/span><strong data-start=\"2174\" data-end=\"2191\">gegen den Wind fahren<\/strong><span>. Mit besserer Haltung, Kantenkontrolle und Krafthandling arbeiten Sie an <\/span><strong data-start=\"2263\" data-end=\"2295\">l\u00e4ngere, sicherere Fahrten<\/strong><span>Dieser Tag festigt Ihre Unabh\u00e4ngigkeit und legt den Grundstein f\u00fcr fortgeschrittenere Man\u00f6ver.<\/span><\/p>\n<h3 data-start=\"1239\" data-end=\"1250\">Tag 7 \u2013 <span>Tricks &amp; Style (Optional)<\/span><\/h3>\n<p data-start=\"1251\" data-end=\"1313\"><span>F\u00fcr diejenigen, die bereit sind, noch weiter zu gehen, stellt heute <\/span><strong data-start=\"2486\" data-end=\"2516\">grundlegende Freestyle-Techniken<\/strong><span> wie kleine Spr\u00fcnge, <\/span><strong data-start=\"2535\" data-end=\"2548\">R\u00fcckw\u00e4rtsrollen<\/strong><span>und kreative \u00dcberg\u00e4nge. Wenn Sie Ihre Grundlagen noch verfeinern, konzentrieren Sie sich auf <\/span><strong data-start=\"2629\" data-end=\"2647\">Zehenseitenreiten<\/strong><span>, <\/span><strong data-start=\"2649\" data-end=\"2671\">sanfte \u00dcberg\u00e4nge<\/strong><span>und verfeinern Sie Ihren Gesamtstil. Dieser flexible Tag ist f\u00fcr alle Fortschrittsstufen geeignet.<\/span><\/p>\n<h3 data-start=\"1315\" data-end=\"1326\">Tag 8 \u2013 <span>Zusammenfassung und Zukunftsvision<\/span><\/h3>\n<p data-start=\"1327\" data-end=\"1409\"><span>Feiern Sie Ihre Reise mit einem <\/span><strong data-start=\"2838\" data-end=\"2865\">letzte Freeride-Session<\/strong><span>, und wenden Sie alles an, was Sie gelernt haben. Genie\u00dfen Sie pers\u00f6nliches Feedback von Ihrem Lehrer, nehmen Sie an einem <\/span><strong data-start=\"2966\" data-end=\"2981\">Fragerunde<\/strong><span>und erhalten Sie Tipps, wie Sie <\/span><strong data-start=\"3010\" data-end=\"3052\">Setzen Sie Ihre Kiteboarding-Fortschritte fort<\/strong><span>nach dem Kurs. Optional k\u00f6nnen Sie Fotos oder Videos aufnehmen, um sich an Ihr Abenteuer in Tarifa zu erinnern.<\/span><\/p>\n<hr data-start=\"1411\" data-end=\"1414\">\n<h4 data-start=\"1416\" data-end=\"1436\"><strong data-start=\"1419\" data-end=\"1429\">Preis:<\/strong> \u20ac 1370<\/h4>\n<hr data-start=\"1438\" data-end=\"1441\">\n<h3 data-start=\"1443\" data-end=\"1471\"><strong data-start=\"1446\" data-end=\"1469\">Der Preis beinhaltet:<\/strong><\/h3>\n<p data-start=\"1472\" data-end=\"1739\">\u2705 Hin- und R\u00fccktransfer vom Flughafen Malaga \u2013 Tarifa \u2013 Malaga<\/p>\n<p data-start=\"1472\" data-end=\"1739\">\u2705 7 \u00dcbernachtungen<\/p>\n<p data-start=\"1472\" data-end=\"1739\">\u2705 7 Tage Kite-Unterricht mit einem professionellen Lehrer<\/p>\n<p data-start=\"1472\" data-end=\"1739\">\u2705 Die gesamte notwendige Kite-Ausr\u00fcstung (Kite, Board, Trapez, Helm, Neoprenanzug)<\/p>\n<p data-start=\"1472\" data-end=\"1739\">\u2705 Funkkommunikation f\u00fcr schnelleres Vorankommen<\/p>\n<p data-start=\"1472\" data-end=\"1739\">\u2705 Teilnahmezertifikat<\/p>\n<p data-start=\"1472\" data-end=\"1739\">\u2705 Versicherung w\u00e4hrend Ihres Aufenthalts<\/p>\n<hr data-start=\"1741\" data-end=\"1744\">\n<h3 data-start=\"1746\" data-end=\"1782\"><strong data-start=\"1749\" data-end=\"1780\">Der Preis beinhaltet nicht:<\/strong><\/h3>\n<p data-start=\"1783\" data-end=\"1928\">\u274c Pers\u00f6nliche Ausgaben<br data-start=\"1813\" data-end=\"1816\">\u274c Mahlzeiten und Getr\u00e4nke<br data-start=\"1839\" data-end=\"1842\">\u274c Fl\u00fcge nach Tarifa \/k\u00f6nnen von jedem Punkt der Welt arrangiert werden\/<\/p>\n<hr data-start=\"1930\" data-end=\"1933\">\n<h3 data-start=\"1935\" data-end=\"1950\"><strong data-start=\"1938\" data-end=\"1948\">Hinweise:<\/strong><\/h3>\n<p data-start=\"1951\" data-end=\"2285\">\u27a5 Alle Unterrichtsstunden sind abh\u00e4ngig von den Windverh\u00e4ltnissen; bei ung\u00fcnstigen Bedingungen behalten wir uns eine Terminverschiebung vor.<\/p>\n<p data-start=\"1951\" data-end=\"2285\">\u27a5 Das Mindestalter der Teilnehmer betr\u00e4gt 14 Jahre.<\/p>\n<p data-start=\"1951\" data-end=\"2285\">\u27a5 Die Teilnehmer m\u00fcssen schwimmen k\u00f6nnen und in angemessener k\u00f6rperlicher Verfassung sein.<\/p>\n<p data-start=\"1951\" data-end=\"2285\">\u27a5 Teilnehmer unter 18 Jahren ben\u00f6tigen die Zustimmung der Eltern.<\/p>\n<p data-start=\"1951\" data-end=\"2285\">\u27a5 Kleine Gruppengr\u00f6\u00dfen (max. 4 Personen pro Lehrer) garantieren personalisiertes Training und schnellere Fortschritte.<\/p>\n\n\t\t<\/div>\n\t<\/div>\n<\/div><\/div><\/div><\/div><\/div><\/div><div class=\"container\"><div class=\"vc_row-wrapper vc_custom_1750014362671\"><div class=\"vc_row wpb_row vc_row-fluid\"  ><div class=\"wpb_column vc_column_container vc_col-sm-12\"><div class=\"vc_column-inner\"><div class=\"wpb_wrapper\"><div data-color=\"#ffffff\" class=\"gt3_custom_text\" style=\"color:#27323d;font-size: 30px; line-height: 140%; \">\n<p style=\"text-align: center;\"><strong>Unser Angebot f\u00fcr Sie<\/strong><\/p>\n<\/div>  \r\n<div class=\"vc_row wpb_row vc_inner vc_row-fluid\" ><div class=\"wpb_column vc_column_container vc_col-sm-10 vc_col-sm-offset-1\"><div class=\"vc_column-inner\"><div class=\"wpb_wrapper\"><div data-color=\"#ffffff\" class=\"gt3_custom_text\" style=\"color:#737d84;font-size: 16px; line-height: 190%; \">\n<p style=\"text-align: center;\">In den letzten Jahren haben wir ein umfassendes Serviceangebot f\u00fcr alle Surfertypen entwickelt: Fortgeschrittene und Anf\u00e4nger, Frauen, Kinder, Touristen, Eltern oder einfach Strandliebhaber. Wir bieten die besten Kurse der Welt!<\/p>\n<\/div>  \r\n<\/div><\/div><\/div><\/div><\/div><\/div><\/div><\/div><\/div><\/div><div data-vc-full-width=\"true\" data-vc-full-width-init=\"false\" data-vc-stretch-content=\"true\" class=\"vc_row-wrapper vc_row wpb_row vc_row-fluid vc_column-gap-15\"><div class=\"wpb_column vc_column_container vc_col-sm-12\"><div class=\"vc_column-inner\"><div class=\"wpb_wrapper\"><div class=\"gt3_module_button gt3_btn_customize button_alignment_center\"><a class=\"button_size_large\" href=\"https:\/\/tarifakite.com\/de\/contacts\/\"   style=\"background-color: #eb5e6e; border-width: 1px; border-style: solid; border-radius: 3px; border-color: #eb5e6e; \" data-default-bg=\"#eb5e6e\" data-default-border=\"#eb5e6e\" data-hover-color=\"#eb5e6e\" data-hover-border=\"#eb5e6e\" ><span class=\"gt3_btn_text\">Buchen Sie jetzt Ihr Abenteuer<\/span><\/a><\/div>\r\n<div class=\"gt3_spacing gt3_spacing-height_mobile-on\"><div class=\"gt3_spacing-height gt3_spacing-height_default\" style=\"height:73px;\"><\/div> <div class=\"gt3_spacing-height gt3_spacing-height_mobile\" style=\"height:40px;\"><\/div><\/div>  \r\n<\/div><\/div><\/div><\/div><div class=\"vc_row-full-width vc_clearfix\"><\/div><div data-vc-full-width=\"true\" data-vc-full-width-init=\"false\" class=\"vc_row-wrapper vc_custom_1749924276146 gt3_mask_image\" style=\"-webkit-mask-image: url(https:\/\/tarifakite.com\/wp-content\/uploads\/2018\/05\/pattern_top.png);    mask-image: url(https:\/\/tarifakite.com\/wp-content\/uploads\/2018\/05\/pattern_top.png);    \"><div class=\"container\"><div class=\"vc_row wpb_row vc_row-fluid vc_row-has-fill\"  ><div class=\"wpb_column vc_column_container vc_col-sm-12\"><div class=\"vc_column-inner\"><div class=\"wpb_wrapper\"><div class=\"gt3_spacing gt3_spacing-height_mobile-on\"><div class=\"gt3_spacing-height gt3_spacing-height_default\" style=\"height:90px;\"><\/div> <div class=\"gt3_spacing-height gt3_spacing-height_mobile\" style=\"height:60px;\"><\/div><\/div>  \r\n<div data-color=\"#ffffff\" class=\"gt3_custom_text\" style=\"color:#ffffff;font-size: 30px; line-height: 100%; \">\n<p style=\"text-align: center;\"><strong>Was die Leute \u00fcber uns sagen<\/strong><\/p>\n<\/div>  \r\n<div class=\"gt3_spacing\"><div class=\"gt3_spacing-height gt3_spacing-height_default\" style=\"height:45px;\"><\/div><\/div>  \r\n\n\t<div  class=\"wpb_single_image wpb_content_element vc_align_center wpb_content_element\">\n\t\t\n\t\t<figure class=\"wpb_wrapper vc_figure\">\n\t\t\t<div class=\"vc_single_image-wrapper   vc_box_border_grey\"><img loading=\"lazy\" decoding=\"async\" width=\"106\" height=\"12\" src=\"https:\/\/tarifakite.com\/wp-content\/uploads\/2018\/05\/bg_title_zigzag_separator.png\" class=\"vc_single_image-img attachment-full\" alt=\"\" title=\"bg_title_zigzag_separator\" \/><\/div>\n\t\t<\/figure>\n\t<\/div>\n<div class=\"gt3_spacing\"><div class=\"gt3_spacing-height gt3_spacing-height_default\" style=\"height:23px;\"><\/div><\/div>  \r\n<div class=\"vc_row wpb_row vc_inner vc_row-fluid testi_02\" ><div class=\"wpb_column vc_column_container vc_col-sm-8 vc_col-sm-offset-2\"><div class=\"vc_column-inner\"><div class=\"wpb_wrapper\"><div class=\"vc_row\">\r\n    <div class=\"vc_col-sm-12 module_testimonial  active-carousel type4\" data-slides-per-line=\"1\" data-slider-fade=\"1\" data-autoplay-time=\"4000\">\r\n    \t<div class=\"module_content testimonials_list items1\">\r\n        \t\r\n            <div class=\"testimonials_rotator\">\r\n        <div class=\"testimonials_item\">\r\n            <div class=\"testimonial_item_wrapper\">\r\n                <div class=\"testimonials_content\">\r\n                    <div class=\"testimonials-text\"  style= \" color: #ffffff; font-size: 24px; line-height: 1.5;\"> <strong data-start=\"93\" data-end=\"148\">\u2b50\ufe0f\u2b50\ufe0f\u2b50\ufe0f\u2b50\ufe0f\u2b50\ufe0f Ein fantastisches erstes Kitesurfing-Erlebnis!<\/strong><br data-start=\"148\" data-end=\"151\" \/><span>Ich hatte das Surfen nur einmal ausprobiert und wollte seitdem wieder ins Wasser. Eine Kitesurfstunde mit <\/span><strong data-start=\"279\" data-end=\"293\">TarifaKite<\/strong><span> war die beste Entscheidung! Mein Lehrer, <\/span><strong data-start=\"332\" data-end=\"342\">Trevor<\/strong><span>Er war unglaublich freundlich, positiv und lernbereit. Seine Energie machte das Ganze noch angenehmer. Nach nur einer Stunde im Wasser stand ich schon ein paar Mal auf dem Brett! Ich konnte meine Fortschritte kaum glauben. Ich freue mich schon auf weitere Kurse!<\/span><\/div>\r\n                    <div class=\"testimonials_title\" style=\" color: #ffffff; font-size: 18px;\">Petar Babic,<div class=\"testimonial_item_position\">Kunde, Kroatien<\/div><\/div>\r\n                    \r\n                <\/div>\r\n            <\/div>\r\n        <\/div>\r\n\r\n        <div class=\"testimonials_item\">\r\n            <div class=\"testimonial_item_wrapper\">\r\n                <div class=\"testimonials_content\">\r\n                    <div class=\"testimonials-text\"  style= \" color: #ffffff; font-size: 24px; line-height: 1.5;\"> \n<p data-start=\"113\" data-end=\"718\"><strong data-start=\"113\" data-end=\"175\">\u2b50\ufe0f\u2b50\ufe0f\u2b50\ufe0f\u2b50\ufe0f\u2b50\ufe0f Unglaublicher Kitesurfing-Unterricht mit TarifaKite!<\/strong><br data-start=\"175\" data-end=\"178\" \/>Ich hatte eine tolle Erfahrung beim Kitesurfen lernen mit <strong data-start=\"232\" data-end=\"246\">TarifaKite<\/strong>Die Lehrer waren superfreundlich, professionell und geduldig \u2013 sie haben mir von Anfang an Selbstvertrauen gegeben. Der Unterricht war gut strukturiert und die Ausr\u00fcstung erstklassig. Schon nach wenigen Stunden machte ich deutliche Fortschritte und konnte kurze Strecken alleine fahren. Die Lage ist atemberaubend und die Atmosph\u00e4re entspannt, aber konzentriert. Wenn ihr Kitesurfen in Tarifa ausprobieren wollt, kann ich TarifaKite nur w\u00e4rmstens empfehlen. Ich komme auf jeden Fall wieder!<\/p>\n<p data-start=\"83\" data-end=\"104\"><\/div>\r\n                    <div class=\"testimonials_title\" style=\" color: #ffffff; font-size: 18px;\">Lukas Schneider,<div class=\"testimonial_item_position\">Kunde, Deutschland<\/div><\/div>\r\n                    \r\n                <\/div>\r\n            <\/div>\r\n        <\/div>\r\n<\/div><div class=\"clear\"><\/div>        <\/div>\r\n    <\/div>\r\n<\/div><\/div><\/div><\/div><\/div><div class=\"gt3_spacing gt3_spacing-height_mobile-on\"><div class=\"gt3_spacing-height gt3_spacing-height_default\" style=\"height:63px;\"><\/div> <div class=\"gt3_spacing-height gt3_spacing-height_mobile\" style=\"height:43px;\"><\/div><\/div>  \r\n<\/div><\/div><\/div><\/div><\/div><\/div><div class=\"vc_row-full-width vc_clearfix\"><\/div><div data-vc-full-width=\"true\" data-vc-full-width-init=\"false\" data-vc-stretch-content=\"true\" class=\"vc_row-wrapper vc_row wpb_row vc_row-fluid vc_row-no-padding\"><div class=\"wpb_column vc_column_container vc_col-sm-12\"><div class=\"vc_column-inner vc_custom_1526545235130\"><div class=\"wpb_wrapper\"><div data-color=\"#ffffff\" class=\"gt3_custom_text\" style=\"color:#909aa3;font-size: 16px; line-height: 140%; \"><div id=\"gt3pg_gallery1\" class=\"gt3pg_galleryid-4607 gt3pg_gallery-columns-4 gt3pg_photo_gallery gt3pg-corner-type-standard gt3pg_hover-default gt3pg-type-rectangle\" data-size=\"large\" data-type=\"rectangle\" data-corner=\"standard\" data-link=\"lightbox\" data-margin=\"0\" data-instance=\"1\"><dl class=\"gt3pg_gallery-item gt3pg_element\"><div class=\"gt3pg_item_main_wrapper\"><div class=\"gt3pg_item-wrapper\"><a href=\"https:\/\/tarifakite.com\/wp-content\/uploads\/2025\/06\/149001-1024x1024.jpg\" class=\"gt3pg_swipebox\" data-description=\"\"><div class=\"gt3pg_img_wrap portrait\" style=\"background-image: url(https:\/\/tarifakite.com\/wp-content\/uploads\/2025\/06\/149001-1024x1024.jpg);\" data-width=\"1500\" data-height=\"1500\" data-i=\"1\" >\r\n<img decoding=\"async\" src=\"https:\/\/tarifakite.com\/wp-content\/uploads\/2025\/06\/149001-1024x1024.jpg\" title=\"149001\" alt=\"\" \/>\r\n<\/div><\/a>\n<\/div>\n <\/div><\/dl>\n<dl class=\"gt3pg_gallery-item gt3pg_element\"><div class=\"gt3pg_item_main_wrapper\"><div class=\"gt3pg_item-wrapper\"><a href=\"https:\/\/tarifakite.com\/wp-content\/uploads\/2025\/06\/timo-voss-vsUxnpCKTeQ-unsplash.jpg\" class=\"gt3pg_swipebox\" data-description=\"\"><div class=\"gt3pg_img_wrap landscape\" style=\"background-image: url(https:\/\/tarifakite.com\/wp-content\/uploads\/2025\/06\/timo-voss-vsUxnpCKTeQ-unsplash.jpg);\" data-width=\"640\" data-height=\"427\" data-i=\"2\" >\r\n<img decoding=\"async\" src=\"https:\/\/tarifakite.com\/wp-content\/uploads\/2025\/06\/timo-voss-vsUxnpCKTeQ-unsplash.jpg\" title=\"timo-voss-vsUxnpCKTeQ-unsplash\" alt=\"\" \/>\r\n<\/div><\/a>\n<\/div>\n <\/div><\/dl>\n<dl class=\"gt3pg_gallery-item gt3pg_element\"><div class=\"gt3pg_item_main_wrapper\"><div class=\"gt3pg_item-wrapper\"><a href=\"https:\/\/tarifakite.com\/wp-content\/uploads\/2025\/06\/151873-1024x1024.jpg\" class=\"gt3pg_swipebox\" data-description=\"\"><div class=\"gt3pg_img_wrap portrait\" style=\"background-image: url(https:\/\/tarifakite.com\/wp-content\/uploads\/2025\/06\/151873-1024x1024.jpg);\" data-width=\"1500\" data-height=\"1500\" data-i=\"3\" >\r\n<img decoding=\"async\" src=\"https:\/\/tarifakite.com\/wp-content\/uploads\/2025\/06\/151873-1024x1024.jpg\" title=\"151873\" alt=\"\" \/>\r\n<\/div><\/a>\n<\/div>\n <\/div><\/dl>\n<dl class=\"gt3pg_gallery-item gt3pg_element\"><div class=\"gt3pg_item_main_wrapper\"><div class=\"gt3pg_item-wrapper\"><a href=\"https:\/\/tarifakite.com\/wp-content\/uploads\/2025\/06\/23349-1024x683.jpg\" class=\"gt3pg_swipebox\" data-description=\"\"><div class=\"gt3pg_img_wrap landscape\" style=\"background-image: url(https:\/\/tarifakite.com\/wp-content\/uploads\/2025\/06\/23349-1024x683.jpg);\" data-width=\"1500\" data-height=\"1000\" data-i=\"4\" >\r\n<img decoding=\"async\" src=\"https:\/\/tarifakite.com\/wp-content\/uploads\/2025\/06\/23349-1024x683.jpg\" title=\"23349\" alt=\"\" \/>\r\n<\/div><\/a>\n<\/div>\n <\/div><\/dl>\n<\/div>\n <style type='text\/css'>\r\n\t\t\t#gt3pg_gallery1 .gt3pg_item_main_wrapper {\r\n\t\t\t\tpadding: 0px\r\n\t\t\t}\r\n\t\t\t<\/style>\n\t\t<\/div>  \r\n<\/div><\/div><\/div><\/div><div class=\"vc_row-full-width vc_clearfix\"><\/div><div data-vc-full-width=\"true\" data-vc-full-width-init=\"false\" class=\"vc_row-wrapper vc_custom_1526454970407\"><div class=\"container\"><div class=\"vc_row wpb_row vc_row-fluid  gt3_brands_list vc_row-has-fill vc_row-o-equal-height vc_row-o-content-middle vc_row-flex\"  ><div class=\"wpb_column vc_column_container vc_col-sm-3\"><div class=\"vc_column-inner\"><div class=\"wpb_wrapper\"><div class=\"gt3_spacing\"><div class=\"gt3_spacing-height gt3_spacing-height_default\" style=\"height:7px;\"><\/div><\/div>  \r\n<\/div><\/div><\/div><\/div><\/div><\/div><div class=\"vc_row-full-width vc_clearfix\"><\/div><div class=\"container\"><div class=\"vc_row-wrapper\"><div class=\"vc_row wpb_row vc_row-fluid\"  ><div class=\"wpb_column vc_column_container vc_col-sm-12\"><div class=\"vc_column-inner\"><div class=\"wpb_wrapper\">\n\t<div class=\"wpb_text_column wpb_content_element\" >\n\t\t<div class=\"wpb_wrapper\">\n\t\t\t\n\t\t<\/div>\n\t<\/div>\n<\/div><\/div><\/div><\/div><\/div><\/div>\n<\/div>","protected":false},"excerpt":{"rendered":"Why Learn from the Rest\u2026When You Can Learn from the Best! Welcome to Kite Tarifa &nbsp;\u2014 your ultimate kite holiday in the kite capital of Europe.Whether you\u2019re a complete beginner or you want to progress your skills, we've got you covered. With our team of highly trained instructors, you\u2019ll learn safely, efficiently, and with lots [...]","protected":false},"author":1,"featured_media":4511,"parent":0,"menu_order":0,"comment_status":"closed","ping_status":"closed","template":"full-width.php","meta":{"footnotes":""},"class_list":["post-4607","page","type-page","status-publish","has-post-thumbnail","hentry"],"_links":{"self":[{"href":"https:\/\/tarifakite.com\/de\/wp-json\/wp\/v2\/pages\/4607","targetHints":{"allow":["GET"]}}],"collection":[{"href":"https:\/\/tarifakite.com\/de\/wp-json\/wp\/v2\/pages"}],"about":[{"href":"https:\/\/tarifakite.com\/de\/wp-json\/wp\/v2\/types\/page"}],"author":[{"embeddable":true,"href":"https:\/\/tarifakite.com\/de\/wp-json\/wp\/v2\/users\/1"}],"replies":[{"embeddable":true,"href":"https:\/\/tarifakite.com\/de\/wp-json\/wp\/v2\/comments?post=4607"}],"version-history":[{"count":3,"href":"https:\/\/tarifakite.com\/de\/wp-json\/wp\/v2\/pages\/4607\/revisions"}],"predecessor-version":[{"id":4626,"href":"https:\/\/tarifakite.com\/de\/wp-json\/wp\/v2\/pages\/4607\/revisions\/4626"}],"wp:featuredmedia":[{"embeddable":true,"href":"https:\/\/tarifakite.com\/de\/wp-json\/wp\/v2\/media\/4511"}],"wp:attachment":[{"href":"https:\/\/tarifakite.com\/de\/wp-json\/wp\/v2\/media?parent=4607"}],"curies":[{"name":"wp","href":"https:\/\/api.w.org\/{rel}","templated":true}]}}